{"id":27,"date":"2015-01-05T10:08:55","date_gmt":"2015-01-05T10:08:55","guid":{"rendered":"http:\/\/energibevakning.com\/?page_id=27"},"modified":"2021-09-27T08:38:42","modified_gmt":"2021-09-27T08:38:42","slug":"kontakt","status":"publish","type":"page","link":"https:\/\/energibevakning.com\/index.php\/kontakt\/","title":{"rendered":"Kontakt"},"content":{"rendered":"<div class=\"flex_column av_one_third  flex_column_div first  \" ><section class=\"av_textblock_section \"  itemscope=\"itemscope\" itemtype=\"https:\/\/schema.org\/CreativeWork\" ><div class='avia_textblock  '   itemprop=\"text\" ><h2>Kontakt<\/h2>\n<p><strong>V\u00e5r adress:<\/strong><br \/>\nAB Energibevakning MCF<br \/>\nEllen Keys gata 31<br \/>\n129 52 H\u00e4gersten<\/p>\n<p><strong>Telefonnummer och e-post<br \/>\n<\/strong>V\u00e4xel: <a href=\"tel:086476610\">08-647 66 10<\/a><\/p>\n<p>N\u00e5gon svarar alltid mellan kl 07.00-16.00 (g\u00f6r valen &#8221;Personlig service&#8221; 1-1 i v\u00e4xeln).<\/p>\n<p>Du kan ocks\u00e5 n\u00e5 arbetsledning och ekonomi via valen i v\u00e4xeln n\u00e4r vi befinner oss p\u00e5 plats.<\/p>\n<p>Efter telefontid kommer du till v\u00e5r telefonsvarare.<\/p>\n<p>Kontoret \u00e4r alltid bemannat 07.00-15.00<\/p>\n<\/div><\/section><br \/>\n<div  class='hr hr-default  '><span class='hr-inner ' ><span class='hr-inner-style'><\/span><\/span><\/div><br \/>\n<section class=\"av_textblock_section \"  itemscope=\"itemscope\" itemtype=\"https:\/\/schema.org\/CreativeWork\" ><div class='avia_textblock  '   itemprop=\"text\" ><h3>Direktnummer:<\/h3>\n<p><strong>VD:<br \/>\n<\/strong>Conny\u00a0Marin 08-1200 5860<\/p>\n<p><strong>Driftschef:<br \/>\n<\/strong>Fredrik 08-1200 5847<\/p>\n<p><strong>Ekonomi:<br \/>\n<\/strong>Susanne 08-1200 5863<\/p>\n<p><strong>Ansvarig Utemilj\u00f6:<br \/>\n<\/strong>Conny 08-1200 5860<\/p>\n<p><strong>Offert och utf\u00f6randeansvarig:<br \/>\n<\/strong>Fredrik Marin 08-1200 5847<\/p>\n<p>Felanm\u00e4lan via E-post: helpme@energibevakning.com<\/p>\n<p>E-post till oss: fornamn.efternamn@energibevakning.com<\/p>\n<\/div><\/section><\/p><\/div><div class=\"flex_column av_one_third  flex_column_div av-zero-column-padding   \" style='border-radius:0px; '><section class=\"av_textblock_section \"  itemscope=\"itemscope\" itemtype=\"https:\/\/schema.org\/CreativeWork\" ><div class='avia_textblock  '   itemprop=\"text\" ><h2>Kontakta oss<\/h2>\n<\/div><\/section><br \/>\n<form action=\"https:\/\/energibevakning.com\/index.php\/kontakt\/\" method=\"post\"  class=\"avia_ajax_form av-form-labels-visible    \" data-avia-form-id=\"1\" data-avia-redirect=''><fieldset><p class=' first_form  form_element form_fullwidth' id='element_avia_1_1'><label for=\"avia_1_1\">Namn <abbr class=\"required\" title=\"required\">*<\/abbr><\/label> <input name=\"avia_1_1\" class=\"text_input is_empty\" type=\"text\" id=\"avia_1_1\" value=\"\" \/><\/p><p class=' first_form  form_element form_fullwidth' id='element_avia_2_1'><label for=\"avia_2_1\">Email <abbr class=\"required\" title=\"required\">*<\/abbr><\/label> <input name=\"avia_2_1\" class=\"text_input is_email\" type=\"text\" id=\"avia_2_1\" value=\"\" \/><\/p><p class=' first_form  form_element form_fullwidth' id='element_avia_3_1'><label for=\"avia_3_1\">\u00c4mne <abbr class=\"required\" title=\"required\">*<\/abbr><\/label> <input name=\"avia_3_1\" class=\"text_input is_empty\" type=\"text\" id=\"avia_3_1\" value=\"\" \/><\/p><p class=' first_form  form_element form_fullwidth av-last-visible-form-element' id='element_avia_4_1'>\t <label for=\"avia_4_1\" class=\"textare_label hidden textare_label_avia_4_1\">Meddelande <abbr class=\"required\" title=\"required\">*<\/abbr><\/label>\t <textarea  name=\"avia_4_1\" class=\"text_area is_empty\" cols=\"40\" rows=\"7\" id=\"avia_4_1\" ><\/textarea><\/p><p class=\"hidden\"><input type=\"text\" name=\"avia_5_1\" class=\"hidden \" id=\"avia_5_1\" value=\"\" \/><\/p><p class=\"form_element \"><input type=\"hidden\" value=\"1\" name=\"avia_generated_form1\" \/><input type=\"submit\" value=\"Skicka\" class=\"button\"  data-sending-label=\"Sending\"\/><\/p><\/fieldset><\/form><div id=\"ajaxresponse_1\" class=\"ajaxresponse ajaxresponse_1 hidden\"><\/div><br \/>\n<div style='height:50px' class='hr hr-invisible  '><span class='hr-inner ' ><span class='hr-inner-style'><\/span><\/span><\/div><br \/>\n<section class=\"av_textblock_section \"  itemscope=\"itemscope\" itemtype=\"https:\/\/schema.org\/CreativeWork\" ><div class='avia_textblock  '   itemprop=\"text\" ><h2>Kontakta oss ang\u00e5ende felanm\u00e4lan<\/h2>\n<\/div><\/section><br \/>\n<section class=\"av_textblock_section \"  itemscope=\"itemscope\" itemtype=\"https:\/\/schema.org\/CreativeWork\" ><div class='avia_textblock  '   itemprop=\"text\" ><p><a href=\"http:\/\/energibevakning.com\/index.php\/felanmalan\/\">G\u00e5 till v\u00e5r felanm\u00e4lningssida<\/a><\/p>\n<\/div><\/section><\/p><\/div><\/p>\n<div class=\"flex_column av_one_third  flex_column_div av-zero-column-padding   \" style='border-radius:0px; '><section class=\"av_textblock_section \"  itemscope=\"itemscope\" itemtype=\"https:\/\/schema.org\/CreativeWork\" ><div class='avia_textblock  '   itemprop=\"text\" ><h2>Hitta till oss<\/h2>\n<\/div><\/section><br \/>\n<div id='av_gmap_1' class='avia-google-map-container ' data-mapid='1' style='height: 400px;'><\/div><\/p><\/div>\n","protected":false},"excerpt":{"rendered":"","protected":false},"author":1,"featured_media":0,"parent":0,"menu_order":0,"comment_status":"open","ping_status":"open","template":"","meta":{"footnotes":""},"class_list":["post-27","page","type-page","status-publish","hentry"],"_links":{"self":[{"href":"https:\/\/energibevakning.com\/index.php\/wp-json\/wp\/v2\/pages\/27","targetHints":{"allow":["GET"]}}],"collection":[{"href":"https:\/\/energibevakning.com\/index.php\/wp-json\/wp\/v2\/pages"}],"about":[{"href":"https:\/\/energibevakning.com\/index.php\/wp-json\/wp\/v2\/types\/page"}],"author":[{"embeddable":true,"href":"https:\/\/energibevakning.com\/index.php\/wp-json\/wp\/v2\/users\/1"}],"replies":[{"embeddable":true,"href":"https:\/\/energibevakning.com\/index.php\/wp-json\/wp\/v2\/comments?post=27"}],"version-history":[{"count":21,"href":"https:\/\/energibevakning.com\/index.php\/wp-json\/wp\/v2\/pages\/27\/revisions"}],"predecessor-version":[{"id":412,"href":"https:\/\/energibevakning.com\/index.php\/wp-json\/wp\/v2\/pages\/27\/revisions\/412"}],"wp:attachment":[{"href":"https:\/\/energibevakning.com\/index.php\/wp-json\/wp\/v2\/media?parent=27"}],"curies":[{"name":"wp","href":"https:\/\/api.w.org\/{rel}","templated":true}]}}