{"id":23,"date":"2015-01-05T10:07:43","date_gmt":"2015-01-05T10:07:43","guid":{"rendered":"http:\/\/energibevakning.com\/?page_id=23"},"modified":"2025-01-20T11:45:01","modified_gmt":"2025-01-20T11:45:01","slug":"ovrigt-jobb","status":"publish","type":"page","link":"https:\/\/energibevakning.com\/index.php\/ovrigt-jobb\/","title":{"rendered":"\u00d6vrigt \/ Jobb"},"content":{"rendered":"<div class=\"flex_column av_one_full  flex_column_div first  \" ><section class=\"av_textblock_section \"  itemscope=\"itemscope\" itemtype=\"https:\/\/schema.org\/CreativeWork\" ><div class='avia_textblock  '   itemprop=\"text\" ><h1>\u00d6vrigt \/ Jobb<\/h1>\n<\/div><\/section><br \/>\n<section class=\"av_textblock_section \"  itemscope=\"itemscope\" itemtype=\"https:\/\/schema.org\/CreativeWork\" ><div class='avia_textblock  '  style='font-size:20px; '  itemprop=\"text\" ><p><span style=\"text-decoration: underline;\"><strong>\u00d6vrigt:<\/strong><\/span><\/p>\n<p><strong>AB Energibevakning\u00a0MCF<\/strong> \u00e4r ett f\u00f6retag som arbetar med teknisk fastighetsf\u00f6rvaltning. Vi har hand om den inre sk\u00f6tseln av t.ex. bostadsr\u00e4ttsf\u00f6reningar och andra fastigheter som f\u00f6rvaltas av privata fastighets\u00e4gare.<\/p>\n<p><strong>AB Energibevakning\u00a0MCF<\/strong> startades 1982 och vi \u00e4r idag 20 st anst\u00e4llda. V\u00e5ra kunder finns \u00f6ver hela Stockholmsomr\u00e5de med en viss koncentration till innerstaden. V\u00e5rt kontor ligger i Fru\u00e4ngen.<\/p>\n<p><strong>AB Energibevakning\u00a0MCF<\/strong> erbjuder \u00e4ven sk\u00f6tsel av den yttre milj\u00f6n, till nya och befintliga kunder. Detta inneb\u00e4r bl.a. tr\u00e4dg\u00e5rdssk\u00f6tsel, sn\u00f6r\u00f6jning och lekplatsbesiktningar m.m.<\/p>\n<p><span style=\"text-decoration: underline;\"><strong>Jobb:<\/strong><\/span><\/p>\n<p>Vi s\u00f6ker l\u00f6pande personal med erfarenhet av ambulerande fastighetssk\u00f6tsel.<\/p>\n<p>Kontakta g\u00e4rna Fredrik, driftsansvarig 08-1200 5847, eller skicka ett mail till: <a href=\"mailto:jobb@energibevakning.com\">jobb@energibevakning.com<\/a><\/p>\n<\/div><\/section><\/p><\/div>\n","protected":false},"excerpt":{"rendered":"","protected":false},"author":1,"featured_media":0,"parent":0,"menu_order":0,"comment_status":"open","ping_status":"open","template":"","meta":{"footnotes":""},"class_list":["post-23","page","type-page","status-publish","hentry"],"_links":{"self":[{"href":"https:\/\/energibevakning.com\/index.php\/wp-json\/wp\/v2\/pages\/23","targetHints":{"allow":["GET"]}}],"collection":[{"href":"https:\/\/energibevakning.com\/index.php\/wp-json\/wp\/v2\/pages"}],"about":[{"href":"https:\/\/energibevakning.com\/index.php\/wp-json\/wp\/v2\/types\/page"}],"author":[{"embeddable":true,"href":"https:\/\/energibevakning.com\/index.php\/wp-json\/wp\/v2\/users\/1"}],"replies":[{"embeddable":true,"href":"https:\/\/energibevakning.com\/index.php\/wp-json\/wp\/v2\/comments?post=23"}],"version-history":[{"count":13,"href":"https:\/\/energibevakning.com\/index.php\/wp-json\/wp\/v2\/pages\/23\/revisions"}],"predecessor-version":[{"id":463,"href":"https:\/\/energibevakning.com\/index.php\/wp-json\/wp\/v2\/pages\/23\/revisions\/463"}],"wp:attachment":[{"href":"https:\/\/energibevakning.com\/index.php\/wp-json\/wp\/v2\/media?parent=23"}],"curies":[{"name":"wp","href":"https:\/\/api.w.org\/{rel}","templated":true}]}}