{"id":21,"date":"2015-01-05T10:06:46","date_gmt":"2015-01-05T10:06:46","guid":{"rendered":"http:\/\/energibevakning.com\/?page_id=21"},"modified":"2018-11-14T11:59:10","modified_gmt":"2018-11-14T11:59:10","slug":"kunder","status":"publish","type":"page","link":"https:\/\/energibevakning.com\/index.php\/kunder\/","title":{"rendered":"Kunder"},"content":{"rendered":"<div class=\"flex_column av_one_full  flex_column_div first  \" ><section class=\"av_textblock_section \"  itemscope=\"itemscope\" itemtype=\"https:\/\/schema.org\/CreativeWork\" ><div class='avia_textblock  '   itemprop=\"text\" ><h1>Kunder<\/h1>\n<p>Vi har ca 180 fastigheter\/adresser spridda \u00f6ver hela Storstockholm. Vi sk\u00f6ter framf\u00f6rallt bostadshus men \u00e4ven ett antal kontor- och industrifastigheter. I takt med att fler bostadshus omvandlas till bostadsr\u00e4ttsf\u00f6reningar, f\u00e5r vi fler f\u00f6reningar som nya kunder.<\/p>\n<p>Det \u00e4r vanligt att vi samarbetar med teknisk- och ekonomiska f\u00f6rvaltare. Uppdrag kommer \u00e4ven direkt fr\u00e5n fastighets\u00e4gare och bostadsr\u00e4ttsf\u00f6reningar.<\/p>\n<\/div><\/section><\/div><div class=\"flex_column av_one_fifth  flex_column_div first  \" ><div class='avia-image-container  av-styling-    avia-align-left '  itemprop=\"ImageObject\" itemscope=\"itemscope\" itemtype=\"https:\/\/schema.org\/ImageObject\"  ><div class='avia-image-container-inner'><img class='avia_image ' src='https:\/\/energibevakning.com\/wp-content\/uploads\/2015\/01\/bild1.jpg' alt='' title='bild1'   itemprop=\"thumbnailUrl\"  \/><\/div><\/div><\/div><\/p>\n<div class=\"flex_column av_one_fifth  flex_column_div av-zero-column-padding   \" style='border-radius:0px; '><div class='avia-image-container  av-styling-    avia-align-left '  itemprop=\"ImageObject\" itemscope=\"itemscope\" itemtype=\"https:\/\/schema.org\/ImageObject\"  ><div class='avia-image-container-inner'><img class='avia_image ' src='https:\/\/energibevakning.com\/wp-content\/uploads\/2015\/01\/bild2.jpg' alt='' title='bild2'   itemprop=\"thumbnailUrl\"  \/><\/div><\/div><\/div>\n","protected":false},"excerpt":{"rendered":"","protected":false},"author":1,"featured_media":0,"parent":0,"menu_order":0,"comment_status":"open","ping_status":"open","template":"","meta":{"footnotes":""},"class_list":["post-21","page","type-page","status-publish","hentry"],"_links":{"self":[{"href":"https:\/\/energibevakning.com\/index.php\/wp-json\/wp\/v2\/pages\/21","targetHints":{"allow":["GET"]}}],"collection":[{"href":"https:\/\/energibevakning.com\/index.php\/wp-json\/wp\/v2\/pages"}],"about":[{"href":"https:\/\/energibevakning.com\/index.php\/wp-json\/wp\/v2\/types\/page"}],"author":[{"embeddable":true,"href":"https:\/\/energibevakning.com\/index.php\/wp-json\/wp\/v2\/users\/1"}],"replies":[{"embeddable":true,"href":"https:\/\/energibevakning.com\/index.php\/wp-json\/wp\/v2\/comments?post=21"}],"version-history":[{"count":7,"href":"https:\/\/energibevakning.com\/index.php\/wp-json\/wp\/v2\/pages\/21\/revisions"}],"predecessor-version":[{"id":143,"href":"https:\/\/energibevakning.com\/index.php\/wp-json\/wp\/v2\/pages\/21\/revisions\/143"}],"wp:attachment":[{"href":"https:\/\/energibevakning.com\/index.php\/wp-json\/wp\/v2\/media?parent=21"}],"curies":[{"name":"wp","href":"https:\/\/api.w.org\/{rel}","templated":true}]}}