{"id":155,"date":"2015-03-12T11:19:22","date_gmt":"2015-03-12T11:19:22","guid":{"rendered":"http:\/\/energibevakning.com\/?page_id=155"},"modified":"2025-01-20T11:43:44","modified_gmt":"2025-01-20T11:43:44","slug":"snabbfakta","status":"publish","type":"page","link":"https:\/\/energibevakning.com\/index.php\/snabbfakta\/","title":{"rendered":"Snabbfakta"},"content":{"rendered":"\n<p>&lt;p><div class=\"flex_column av_one_full  flex_column_div first  \" ><p><section class=\"av_textblock_section \"  itemscope=\"itemscope\" itemtype=\"https:\/\/schema.org\/CreativeWork\" ><div class='avia_textblock  '   itemprop=\"text\" ><p>Vi kan erbjuda en kvalificerad teknisk fastighetssk\u00f6tsel. Yttre milj\u00f6 marksk\u00f6tsel (sommar och vinter) samt Lekplatsbesiktningar i egen regi. Trappst\u00e4dning utf\u00f6rs av v\u00e5ra samarbetspartners.<\/p>\n<\/div><\/section><section class=\"av_textblock_section \"  itemscope=\"itemscope\" itemtype=\"https:\/\/schema.org\/CreativeWork\" ><div class='avia_textblock  '   itemprop=\"text\" ><p>&lt;br \/>&lt;strong>Snabbfakta 1&lt;\/strong>&lt;br \/>Energibevakning k\u00f6r i huvudsak med euro 6,0 dieslar fr\u00e5n Volkswagen. Det g\u00f6r vi utan dubbar, vintertid.<\/p>\n<p>&lt;strong> Snabbfakta 2&lt;\/strong>&lt;br \/>Energibevakning startade 1982 som enskild firma och \u00f6vergick till Aktiebolag n\u00e5gra \u00e5r senare.<\/p>\n<p>&lt;strong>Snabbfakta 3&lt;\/strong>&lt;br \/>Energibevakning har idag 17 anst\u00e4llda, varav 14 m\u00e4n p\u00e5 f\u00e4ltet som arbetar med fastighetssk\u00f6tsel, markservice och vitvaruservice. Vi oms\u00e4tter c:a 25 milj.<\/p>\n<p>&lt;strong>Personalbehov&lt;\/strong>&lt;br \/>Vi s\u00f6ker l\u00f6pande, personal, med fler\u00e5rig vana fr\u00e5n ambulerande fastighetsk\u00f6tsel. Kontakta oss g\u00e4rna p\u00e5 email. jobb@energibevakning.com&lt;br \/><\/p>\n<\/div><\/section><\/p><\/div>&lt;\/p><\/p>\n","protected":false},"excerpt":{"rendered":"<p>&lt;p>&lt;\/p><\/p>\n","protected":false},"author":1,"featured_media":0,"parent":0,"menu_order":0,"comment_status":"open","ping_status":"closed","template":"","meta":{"footnotes":""},"class_list":["post-155","page","type-page","status-publish","hentry"],"_links":{"self":[{"href":"https:\/\/energibevakning.com\/index.php\/wp-json\/wp\/v2\/pages\/155","targetHints":{"allow":["GET"]}}],"collection":[{"href":"https:\/\/energibevakning.com\/index.php\/wp-json\/wp\/v2\/pages"}],"about":[{"href":"https:\/\/energibevakning.com\/index.php\/wp-json\/wp\/v2\/types\/page"}],"author":[{"embeddable":true,"href":"https:\/\/energibevakning.com\/index.php\/wp-json\/wp\/v2\/users\/1"}],"replies":[{"embeddable":true,"href":"https:\/\/energibevakning.com\/index.php\/wp-json\/wp\/v2\/comments?post=155"}],"version-history":[{"count":24,"href":"https:\/\/energibevakning.com\/index.php\/wp-json\/wp\/v2\/pages\/155\/revisions"}],"predecessor-version":[{"id":462,"href":"https:\/\/energibevakning.com\/index.php\/wp-json\/wp\/v2\/pages\/155\/revisions\/462"}],"wp:attachment":[{"href":"https:\/\/energibevakning.com\/index.php\/wp-json\/wp\/v2\/media?parent=155"}],"curies":[{"name":"wp","href":"https:\/\/api.w.org\/{rel}","templated":true}]}}