{"id":13,"date":"2015-01-05T09:50:18","date_gmt":"2015-01-05T09:50:18","guid":{"rendered":"http:\/\/energibevakning.com\/?page_id=13"},"modified":"2018-11-14T12:21:34","modified_gmt":"2018-11-14T12:21:34","slug":"att-anlita-oss","status":"publish","type":"page","link":"https:\/\/energibevakning.com\/index.php\/att-anlita-oss\/","title":{"rendered":"Att anlita oss"},"content":{"rendered":"<section class=\"av_textblock_section \"  itemscope=\"itemscope\" itemtype=\"https:\/\/schema.org\/CreativeWork\" ><div class='avia_textblock  '   itemprop=\"text\" ><h1>Att anlita oss<\/h1>\n<p>Oberoende av om Ni \u00e4r en bostadsr\u00e4ttsf\u00f6rening, nystartad eller \u00e4ldre, f\u00f6rvaltare eller fastighets\u00e4gare, \u00e4r Ni lika v\u00e4lkommna att kontakta oss. V\u00e5ra arbetsmetoder passar f\u00f6r de flesta typer av organisationer och fastigheter.<\/p>\n<p><strong>Kontakta oss f\u00f6r f\u00f6rfr\u00e5gan! Det kostar inget att f\u00e5 en offert.<\/strong><\/p>\n<p>Efter att vi f\u00e5tt kontakt b\u00f6rjar vi med att titta p\u00e5 din fastighet\/fastigheter. Vi ses p\u00e5 plats, vi diskuterar kring Era \u00f6nskm\u00e5l och krav, Ni f\u00e5r ta del av v\u00e5ra erfarenheter. G\u00e4ller det flera fastigheter kan vi dela upp det p\u00e5 flera dagar.<\/p>\n<\/div><\/section>\n<div class=\"flex_column av_three_fourth  flex_column_div first  \" ><div class='avia-icon-list-container  '><ul class='avia-icon-list avia-icon-list-left av-iconlist-big avia_animate_when_almost_visible'>\n<li><div  class='iconlist_icon  avia-font-entypo-fontello'><span class='iconlist-char ' aria-hidden='true' data-av_icon='\ue812' data-av_iconfont='entypo-fontello'><\/span><\/div><article class=\"article-icon-entry \"  itemscope=\"itemscope\" itemtype=\"https:\/\/schema.org\/CreativeWork\" ><div class='iconlist_content_wrap'><header class=\"entry-content-header\"><h4 class='av_iconlist_title iconlist_title  '  itemprop=\"headline\"  >Steg 2<\/h4><\/header><div class='iconlist_content  '  itemprop=\"text\"  ><p>Vi f\u00f6resl\u00e5r ett arbetss\u00e4tt, antal bes\u00f6k i veckan och\u00a0vad som ska ing\u00e5 i bes\u00f6ket\u00a0samt skriver en offert som vi skickar, eller presenterar f\u00f6r Er.<\/p>\n<\/div><\/div><footer class=\"entry-footer\"><\/footer><\/article><div class='iconlist-timeline'><\/div><\/li>\n<li><div  class='iconlist_icon  avia-font-entypo-fontello'><span class='iconlist-char ' aria-hidden='true' data-av_icon='\ue812' data-av_iconfont='entypo-fontello'><\/span><\/div><article class=\"article-icon-entry \"  itemscope=\"itemscope\" itemtype=\"https:\/\/schema.org\/CreativeWork\" ><div class='iconlist_content_wrap'><header class=\"entry-content-header\"><h4 class='av_iconlist_title iconlist_title  '  itemprop=\"headline\"  >Steg 3<\/h4><\/header><div class='iconlist_content  '  itemprop=\"text\"  ><p>Vi diskuterar igenom offerten, l\u00e4gger till och\/eller drar bort saker som ska ing\u00e5. Det kan g\u00e4lla tr\u00e4dg\u00e5rdssk\u00f6tsel eller st\u00e4dning.<\/p>\n<\/div><\/div><footer class=\"entry-footer\"><\/footer><\/article><div class='iconlist-timeline'><\/div><\/li>\n<li><div  class='iconlist_icon  avia-font-entypo-fontello'><span class='iconlist-char ' aria-hidden='true' data-av_icon='\ue812' data-av_iconfont='entypo-fontello'><\/span><\/div><article class=\"article-icon-entry \"  itemscope=\"itemscope\" itemtype=\"https:\/\/schema.org\/CreativeWork\" ><div class='iconlist_content_wrap'><header class=\"entry-content-header\"><h4 class='av_iconlist_title iconlist_title  '  itemprop=\"headline\"  >Steg 4<\/h4><\/header><div class='iconlist_content  '  itemprop=\"text\"  ><p>Efter acceptans av offerten s\u00e5 tr\u00e4ffas arbetsledare,\u00a0fastighetssk\u00f6tare och best\u00e4llare p\u00e5 plats f\u00f6r nyckel\u00f6verl\u00e4mning och eventuella instruktioner i sista skedet. Vi g\u00e5r igenom huset och g\u00f6r en f\u00f6rsta kontroll. Det \u00e4r vanligt att det finns saker som beh\u00f6ver justeras i fastigheten, \u00e5tg\u00e4rder och dylikt diskuterar vi d\u00e5 fram.<\/p>\n<\/div><\/div><footer class=\"entry-footer\"><\/footer><\/article><div class='iconlist-timeline'><\/div><\/li>\n<\/ul><\/div><\/div>\n","protected":false},"excerpt":{"rendered":"","protected":false},"author":1,"featured_media":0,"parent":0,"menu_order":0,"comment_status":"open","ping_status":"open","template":"","meta":{"footnotes":""},"class_list":["post-13","page","type-page","status-publish","hentry"],"_links":{"self":[{"href":"https:\/\/energibevakning.com\/index.php\/wp-json\/wp\/v2\/pages\/13","targetHints":{"allow":["GET"]}}],"collection":[{"href":"https:\/\/energibevakning.com\/index.php\/wp-json\/wp\/v2\/pages"}],"about":[{"href":"https:\/\/energibevakning.com\/index.php\/wp-json\/wp\/v2\/types\/page"}],"author":[{"embeddable":true,"href":"https:\/\/energibevakning.com\/index.php\/wp-json\/wp\/v2\/users\/1"}],"replies":[{"embeddable":true,"href":"https:\/\/energibevakning.com\/index.php\/wp-json\/wp\/v2\/comments?post=13"}],"version-history":[{"count":12,"href":"https:\/\/energibevakning.com\/index.php\/wp-json\/wp\/v2\/pages\/13\/revisions"}],"predecessor-version":[{"id":348,"href":"https:\/\/energibevakning.com\/index.php\/wp-json\/wp\/v2\/pages\/13\/revisions\/348"}],"wp:attachment":[{"href":"https:\/\/energibevakning.com\/index.php\/wp-json\/wp\/v2\/media?parent=13"}],"curies":[{"name":"wp","href":"https:\/\/api.w.org\/{rel}","templated":true}]}}