{"id":105,"date":"2015-01-07T08:14:23","date_gmt":"2015-01-07T08:14:23","guid":{"rendered":"http:\/\/energibevakning.com\/?page_id=105"},"modified":"2016-01-11T16:59:41","modified_gmt":"2016-01-11T16:59:41","slug":"felanmalan","status":"publish","type":"page","link":"https:\/\/energibevakning.com\/index.php\/felanmalan\/","title":{"rendered":"Felanm\u00e4lan"},"content":{"rendered":"<div class=\"flex_column av_one_half  flex_column_div first  \" ><section class=\"av_textblock_section \"  itemscope=\"itemscope\" itemtype=\"https:\/\/schema.org\/CreativeWork\" ><div class='avia_textblock  '   itemprop=\"text\" ><h2>Skicka in felanm\u00e4lan<\/h2>\n<\/div><\/section><br \/>\n<form action=\"https:\/\/energibevakning.com\/index.php\/felanmalan\/\" method=\"post\"  class=\"avia_ajax_form av-form-labels-visible    \" data-avia-form-id=\"1\" data-avia-redirect=''><fieldset><p class=' first_form  form_element form_fullwidth' id='element_avia_1_1'><label for=\"avia_1_1\">F\u00f6r och efternamn <abbr class=\"required\" title=\"required\">*<\/abbr><\/label> <input name=\"avia_1_1\" class=\"text_input is_empty\" type=\"text\" id=\"avia_1_1\" value=\"\" \/><\/p><p class=' first_form  form_element form_fullwidth' id='element_avia_2_1'><label for=\"avia_2_1\">Adress <abbr class=\"required\" title=\"required\">*<\/abbr><\/label> <input name=\"avia_2_1\" class=\"text_input is_empty\" type=\"text\" id=\"avia_2_1\" value=\"\" \/><\/p><p class=' first_form  form_element form_fullwidth' id='element_avia_3_1'><label for=\"avia_3_1\">E-post <abbr class=\"required\" title=\"required\">*<\/abbr><\/label> <input name=\"avia_3_1\" class=\"text_input is_email\" type=\"text\" id=\"avia_3_1\" value=\"\" \/><\/p><p class=' first_form  form_element form_fullwidth' id='element_avia_4_1'><label for=\"avia_4_1\">Telefon <abbr class=\"required\" title=\"required\">*<\/abbr><\/label> <input name=\"avia_4_1\" class=\"text_input is_empty\" type=\"text\" id=\"avia_4_1\" value=\"\" \/><\/p><p class=' first_form  form_element form_fullwidth' id='element_avia_5_1'><label for=\"avia_5_1\">L\u00e4genhetsnummer<\/label> <input name=\"avia_5_1\" class=\"text_input \" type=\"text\" id=\"avia_5_1\" value=\"\" \/><\/p><p class=' first_form  form_element form_fullwidth' id='element_avia_6_1'><label for=\"avia_6_1\">Vart \u00e4r felet? <abbr class=\"required\" title=\"required\">*<\/abbr><\/label> <select  name=\"avia_6_1\" class=\"select is_empty\" id=\"avia_6_1\"><option  value ='Altan'>Altan<\/option><option  value ='Badrum'>Badrum<\/option><option  value ='Balkong'>Balkong<\/option><option  value ='Barnvagnsrum'>Barnvagnsrum<\/option><option  value ='Bastu'>Bastu<\/option><option  value ='Cykelrum'>Cykelrum<\/option><option  value ='Elcentral'>Elcentral<\/option><option  value ='Entr\u00e9'>Entr\u00e9<\/option><option  value ='Fasad'>Fasad<\/option><option  value ='Fastighet'>Fastighet<\/option><option  value ='Fl\u00e4ktrum'>Fl\u00e4ktrum<\/option><option  value ='F\u00f6rr\u00e5d'>F\u00f6rr\u00e5d<\/option><option  value ='Garage'>Garage<\/option><option  value ='Grovk\u00f6k'>Grovk\u00f6k<\/option><option  value ='Grovsoprum'>Grovsoprum<\/option><option  value ='G\u00e5rden'>G\u00e5rden<\/option><option  value ='Hall'>Hall<\/option><option  value ='Hotell'>Hotell<\/option><option  value ='Kl\u00e4dkammare'>Kl\u00e4dkammare<\/option><option  value ='Kontor'>Kontor<\/option><option  value ='Korridor'>Korridor<\/option><option  value ='Kvarterslokal'>Kvarterslokal<\/option><option  value ='K\u00e4llare'>K\u00e4llare<\/option><option  value ='K\u00f6k'>K\u00f6k<\/option><option  value ='Lekplats'>Lekplats<\/option><option  value ='Loftg\u00e5ng'>Loftg\u00e5ng<\/option><option  value ='Lokal'>Lokal<\/option><option  value ='L\u00e4genhet'>L\u00e4genhet<\/option><option  value ='Mangelrum'>Mangelrum<\/option><option  value ='Matk\u00e4llare'>Matk\u00e4llare<\/option><option  value ='Panncentral\/undercentral'>Panncentral\/undercentral<\/option><option  value ='Parkering'>Parkering<\/option><option  value ='Sophus'>Sophus<\/option><option  value ='Soprum'>Soprum<\/option><option  value ='Sovrum'>Sovrum<\/option><option  value ='St\u00e4dskrubb'>St\u00e4dskrubb<\/option><option  value ='Toalettrum'>Toalettrum<\/option><option  value ='Torkrum'>Torkrum<\/option><option  value ='Trapphus'>Trapphus<\/option><option  value ='Tv\u00e4ttstuga'>Tv\u00e4ttstuga<\/option><option  value ='Vardagsrum'>Vardagsrum<\/option><option  value ='Wc'>Wc<\/option><option  value ='Vind'>Vind<\/option><option  value ='Yttertak'>Yttertak<\/option><option  value ='\u00d6vrigt'>\u00d6vrigt<\/option><\/select><\/p><p class=' first_form  form_element form_fullwidth av-last-visible-form-element' id='element_avia_7_1'>\t <label for=\"avia_7_1\" class=\"textare_label hidden textare_label_avia_7_1\">Vilket \u00e4r felet? <abbr class=\"required\" title=\"required\">*<\/abbr><\/label>\t <textarea  name=\"avia_7_1\" class=\"text_area is_empty\" cols=\"40\" rows=\"7\" id=\"avia_7_1\" ><\/textarea><\/p><p class=\"hidden\"><input type=\"text\" name=\"avia_8_1\" class=\"hidden \" id=\"avia_8_1\" value=\"\" \/><\/p><p class=\"form_element \"><input type=\"hidden\" value=\"1\" name=\"avia_generated_form1\" \/><input type=\"submit\" value=\"Skicka\" class=\"button\"  data-sending-label=\"Sending\"\/><\/p><\/fieldset><\/form><div id=\"ajaxresponse_1\" class=\"ajaxresponse ajaxresponse_1 hidden\"><\/div><\/p><\/div>\n<div class=\"flex_column av_one_half  flex_column_div   \" ><section class=\"av_textblock_section \"  itemscope=\"itemscope\" itemtype=\"https:\/\/schema.org\/CreativeWork\" ><div class='avia_textblock  '   itemprop=\"text\" ><h2>Kontakta oss ang\u00e5ende felanm\u00e4lan<\/h2>\n<\/div><\/section><br \/>\n<div class='avia-icon-list-container  '><ul class='avia-icon-list avia-icon-list-left av-iconlist-big avia_animate_when_almost_visible'>\n<li><a href='tel:08-647 66 10' title=' Telefon: 08-647 66 10'   class='iconlist_icon  avia-font-entypo-fontello'><span class='iconlist-char ' aria-hidden='true' data-av_icon='\ue854' data-av_iconfont='entypo-fontello'><\/span><\/a><article class=\"article-icon-entry av-iconlist-empty\"  itemscope=\"itemscope\" itemtype=\"https:\/\/schema.org\/CreativeWork\" ><div class='iconlist_content_wrap'><header class=\"entry-content-header\"><h4 class='av_iconlist_title iconlist_title  '  itemprop=\"headline\"  ><a href='tel:08-647 66 10' title=' Telefon: 08-647 66 10'> Telefon: 08-647 66 10<\/a><\/h4><\/header><div class='iconlist_content  '  itemprop=\"text\"  ><\/div><\/div><footer class=\"entry-footer\"><\/footer><\/article><div class='iconlist-timeline'><\/div><\/li>\n<li><a href='mailto:mailto: helpme@energibevakning.com' title='E-postadress: helpme@energibevakning.com'   class='iconlist_icon  avia-font-entypo-fontello'><span class='iconlist-char ' aria-hidden='true' data-av_icon='\ue805' data-av_iconfont='entypo-fontello'><\/span><\/a><article class=\"article-icon-entry av-iconlist-empty\"  itemscope=\"itemscope\" itemtype=\"https:\/\/schema.org\/CreativeWork\" ><div class='iconlist_content_wrap'><header class=\"entry-content-header\"><h4 class='av_iconlist_title iconlist_title  '  itemprop=\"headline\"  ><a href='mailto:mailto: helpme@energibevakning.com' title='E-postadress: helpme@energibevakning.com'>E-postadress: helpme@energibevakning.com<\/a><\/h4><\/header><div class='iconlist_content  '  itemprop=\"text\"  ><\/div><\/div><footer class=\"entry-footer\"><\/footer><\/article><div class='iconlist-timeline'><\/div><\/li>\n<\/ul><\/div><\/p><\/div>\n","protected":false},"excerpt":{"rendered":"","protected":false},"author":1,"featured_media":0,"parent":0,"menu_order":0,"comment_status":"open","ping_status":"open","template":"","meta":{"footnotes":""},"class_list":["post-105","page","type-page","status-publish","hentry"],"_links":{"self":[{"href":"https:\/\/energibevakning.com\/index.php\/wp-json\/wp\/v2\/pages\/105","targetHints":{"allow":["GET"]}}],"collection":[{"href":"https:\/\/energibevakning.com\/index.php\/wp-json\/wp\/v2\/pages"}],"about":[{"href":"https:\/\/energibevakning.com\/index.php\/wp-json\/wp\/v2\/types\/page"}],"author":[{"embeddable":true,"href":"https:\/\/energibevakning.com\/index.php\/wp-json\/wp\/v2\/users\/1"}],"replies":[{"embeddable":true,"href":"https:\/\/energibevakning.com\/index.php\/wp-json\/wp\/v2\/comments?post=105"}],"version-history":[{"count":12,"href":"https:\/\/energibevakning.com\/index.php\/wp-json\/wp\/v2\/pages\/105\/revisions"}],"predecessor-version":[{"id":329,"href":"https:\/\/energibevakning.com\/index.php\/wp-json\/wp\/v2\/pages\/105\/revisions\/329"}],"wp:attachment":[{"href":"https:\/\/energibevakning.com\/index.php\/wp-json\/wp\/v2\/media?parent=105"}],"curies":[{"name":"wp","href":"https:\/\/api.w.org\/{rel}","templated":true}]}}