{"id":10,"date":"2015-01-05T09:46:59","date_gmt":"2015-01-05T09:46:59","guid":{"rendered":"http:\/\/energibevakning.com\/?page_id=10"},"modified":"2021-08-03T14:41:39","modified_gmt":"2021-08-03T14:41:39","slug":"hem","status":"publish","type":"page","link":"https:\/\/energibevakning.com\/","title":{"rendered":"Hem"},"content":{"rendered":"<\/div><\/div><\/div><!-- close content main div --><\/div><\/div><div id='full_slider_1' class='avia-fullwidth-slider main_color avia-shadow   container_wrap fullsize'   ><div  data-size='featured'  data-lightbox_size='large'  data-animation='slide'  data-ids='43'  data-video_counter='0'  data-autoplay='false'  data-bg_slider='false'  data-slide_height=''  data-handle='av_slideshow_full'  data-interval='5'  data-class=' '  data-css_id=''  data-scroll_down=''  data-control_layout='av-control-minimal'  data-custom_markup=''  data-perma_caption=''  data-autoplay_stopper=''  data-image_attachment=''  data-min_height='0px'  data-src=''  data-position='top left'  data-repeat='no-repeat'  data-attach='scroll'  data-stretch=''  data-default-height='28.666666666667'  class='avia-slideshow avia-slideshow-1  av-control-minimal av-default-height-applied avia-slideshow-featured av_slideshow_full   avia-slide-slider '  itemprop=\"ImageObject\" itemscope=\"itemscope\" itemtype=\"https:\/\/schema.org\/ImageObject\" ><ul class='avia-slideshow-inner' style='padding-bottom: 28.666666666667%;'><li  class=' av-single-slide slide-1 ' ><div data-rel='slideshow-1' class='avia-slide-wrap'  ><div class = \"caption_fullwidth av-slideshow-caption caption_left caption_left_framed caption_framed\"><div class = \"container caption_container\"><div class = \"slideshow_caption\"><div class = \"slideshow_inner_caption\"><div class = \"slideshow_align_caption\"><h2  style='font-size:48px; ' class='avia-caption-title '  itemprop=\"name\" >Vi kan fastigheter<\/h2><div class='avia-caption-content  av_inherit_color'  itemprop=\"description\"   style='font-size:24px; '><p>Energibevakning jobbar med sk\u00f6tsel och service av bostadsr\u00e4ttsf\u00f6reningar, hyres, kontor, lager och industrifastigheter. C:a <strong>180<\/strong> fastigheter, 7.700 lgh samt med ett taxeringsv\u00e4rde av \u00f6ver 10 miljarder kronor och 650.000 m2 yta. Energibevakning \u00e4r i branschen sen 1982.<\/p>\n<\/div><a href='https:\/\/energibevakning.com\/index.php\/om-oss\/'  class='avia-slideshow-button avia-button avia-color-orange ' data-duration='800' data-easing='easeInOutQuad'>L\u00e4s mer<\/a><\/div><\/div><\/div><\/div><\/div><img src='https:\/\/energibevakning.com\/wp-content\/uploads\/2015\/01\/slidebg1-1500x430.jpg' width='1500' height='430' title='slidebg1' alt=''  itemprop=\"thumbnailUrl\"   \/><\/div><\/li><\/ul><\/div><\/div>\n\n\n<\/div><\/div><\/div><!-- close content main div --><\/div><\/div><div id='av_section_1' class='avia-section main_color avia-section-default avia-no-shadow avia-bg-style-scroll   container_wrap fullsize' style = 'background-color: #eae9e7; '  ><div class='container' ><div class='template-page content  av-content-full alpha units'><div class='post-entry post-entry-type-page post-entry-10'><div class='entry-content-wrapper clearfix'>\n<div class=\"flex_column av_one_third  flex_column_div first  \" ><div class='avia-image-container  av-styling-  noHover  av-overlay-hover-deactivate   avia-align-center '  itemprop=\"ImageObject\" itemscope=\"itemscope\" itemtype=\"https:\/\/schema.org\/ImageObject\"  ><div class='avia-image-container-inner'><a href='https:\/\/energibevakning.com\/index.php\/om-oss\/' class='avia_image'  ><div class='av-image-caption-overlay'><div class='av-caption-image-overlay-bg' style='opacity:0.4; background-color:#444444; '><\/div><div class='av-image-caption-overlay-position'><div class='av-image-caption-overlay-center' style='color:#ffffff; font-size:32px; '><h3>Snabbfakta<\/h3>\n<\/div><\/div><\/div><img class='avia_image ' src='https:\/\/energibevakning.com\/wp-content\/uploads\/2015\/01\/1.jpg' alt='' title='1'  itemprop=\"thumbnailUrl\"  \/><\/a><\/div><\/div><br \/>\n<section class=\"av_textblock_section \"  itemscope=\"itemscope\" itemtype=\"https:\/\/schema.org\/CreativeWork\" ><div class='avia_textblock  '  style='font-size:17px; '  itemprop=\"text\" ><p style=\"text-align: center;\">Vi kan erbjuda en kvalificerad teknisk fastighetssk\u00f6tsel. Yttre milj\u00f6 marksk\u00f6tsel (sommar och vinter) samt lekplatsbesiktningar i egen regi. Trappst\u00e4dning utf\u00f6rs av v\u00e5ra samarbetspartners.<\/p>\n<\/div><\/section><\/p><\/div><div class=\"flex_column av_one_third  flex_column_div av-zero-column-padding   \" style='border-radius:0px; '><div class='avia-image-container  av-styling-  noHover  av-overlay-hover-deactivate   avia-align-center '  itemprop=\"ImageObject\" itemscope=\"itemscope\" itemtype=\"https:\/\/schema.org\/ImageObject\"  ><div class='avia-image-container-inner'><a href='https:\/\/energibevakning.com\/index.php\/att-anlita-oss\/' class='avia_image'  ><div class='av-image-caption-overlay'><div class='av-caption-image-overlay-bg' style='opacity:0.4; background-color:#444444; '><\/div><div class='av-image-caption-overlay-position'><div class='av-image-caption-overlay-center' style='color:#ffffff; font-size:32px; '><h3>Anlita oss<\/h3>\n<\/div><\/div><\/div><img class='avia_image ' src='https:\/\/energibevakning.com\/wp-content\/uploads\/2015\/01\/2.jpg' alt='' title='2'  itemprop=\"thumbnailUrl\"  \/><\/a><\/div><\/div><br \/>\n<section class=\"av_textblock_section \"  itemscope=\"itemscope\" itemtype=\"https:\/\/schema.org\/CreativeWork\" ><div class='avia_textblock  '  style='font-size:17px; '  itemprop=\"text\" ><p style=\"text-align: center;\">Oberoende av om Ni \u00e4r en bostadsr\u00e4ttsf\u00f6rening, nystartad eller \u00e4ldre, f\u00f6rvaltare eller fastighets\u00e4gare, \u00e4r Ni lika v\u00e4lkomna att kontakta oss. V\u00e5ra arbetsmetoder passar f\u00f6r de flesta typer av organisationer och fastigheter.<\/p>\n<\/div><\/section><\/p><\/div><div class=\"flex_column av_one_third  flex_column_div av-zero-column-padding   \" style='border-radius:0px; '><div class='avia-image-container  av-styling-  noHover  av-overlay-hover-deactivate   avia-align-center '  itemprop=\"ImageObject\" itemscope=\"itemscope\" itemtype=\"https:\/\/schema.org\/ImageObject\"  ><div class='avia-image-container-inner'><a href='https:\/\/energibevakning.com\/index.php\/felanmalan\/' class='avia_image'  ><div class='av-image-caption-overlay'><div class='av-caption-image-overlay-bg' style='opacity:0.4; background-color:#444444; '><\/div><div class='av-image-caption-overlay-position'><div class='av-image-caption-overlay-center' style='color:#ffffff; font-size:32px; '><h3>Felanm\u00e4lan<\/h3>\n<\/div><\/div><\/div><img class='avia_image ' src='https:\/\/energibevakning.com\/wp-content\/uploads\/2015\/01\/3.jpg' alt='' title='3'  itemprop=\"thumbnailUrl\"  \/><\/a><\/div><\/div><br \/>\n<section class=\"av_textblock_section \"  itemscope=\"itemscope\" itemtype=\"https:\/\/schema.org\/CreativeWork\" ><div class='avia_textblock  '  style='font-size:17px; '  itemprop=\"text\" ><p style=\"text-align: center;\"><span style=\"font-size: 34px; margin-bottom: 10px;\"><a href=\"tel:086476610\">08-647 66 10<\/a><\/span><br \/>\nTelefontid: 7.00-16.00<br \/>\n(Kontoret \u00e4r alltid bemannat 7.00-15.00)<br \/>\nJour: 0771 47 66 10<br \/>\nKl 16.00-07.00 (Dygnet runt helger)<\/p>\n<\/div><\/section><\/p><\/div>\n\n\n<div class=\"flex_column av_three_fourth  flex_column_div first  \" ><section class=\"av_textblock_section \"  itemscope=\"itemscope\" itemtype=\"https:\/\/schema.org\/CreativeWork\" ><div class='avia_textblock  '   itemprop=\"text\" ><p><img loading=\"lazy\" decoding=\"async\" class=\"alignleft size-full wp-image-53\" src=\"\/wp-content\/uploads\/2015\/01\/art-2bild.png\" alt=\"art-2bild\" width=\"244\" height=\"244\" srcset=\"https:\/\/energibevakning.com\/wp-content\/uploads\/2015\/01\/art-2bild.png 244w, https:\/\/energibevakning.com\/wp-content\/uploads\/2015\/01\/art-2bild-80x80.png 80w, https:\/\/energibevakning.com\/wp-content\/uploads\/2015\/01\/art-2bild-36x36.png 36w, https:\/\/energibevakning.com\/wp-content\/uploads\/2015\/01\/art-2bild-180x180.png 180w, https:\/\/energibevakning.com\/wp-content\/uploads\/2015\/01\/art-2bild-120x120.png 120w\" sizes=\"auto, (max-width: 244px) 100vw, 244px\" \/><\/p>\n<h1>Vad kan vi g\u00f6ra f\u00f6r din fastighet?<\/h1>\n<h3><strong>Fastighetssk\u00f6tsel, \u00e4ven vinter- och sommarmarkservice samt ackrediterad lekparksbesiktning. <\/strong><\/h3>\n<h3>V\u00e5rt m\u00e5l \u00e4r n\u00f6jda kunder \u00e4ven dom som av olika orsaker valt att l\u00e4mna oss. F\u00f6r att minimera risken att felanm\u00e4lningar blir borttappade eller tidsbokningar bortgl\u00f6mda, har vi ett databaserat system f\u00f6r arbetsorder (lime-field.se) mellan v\u00e5rt kontor och v\u00e5ra fastighetssk\u00f6tare.<\/h3>\n<\/div><\/section><\/div>\n","protected":false},"excerpt":{"rendered":"","protected":false},"author":1,"featured_media":0,"parent":0,"menu_order":0,"comment_status":"open","ping_status":"open","template":"","meta":{"footnotes":""},"class_list":["post-10","page","type-page","status-publish","hentry"],"_links":{"self":[{"href":"https:\/\/energibevakning.com\/index.php\/wp-json\/wp\/v2\/pages\/10","targetHints":{"allow":["GET"]}}],"collection":[{"href":"https:\/\/energibevakning.com\/index.php\/wp-json\/wp\/v2\/pages"}],"about":[{"href":"https:\/\/energibevakning.com\/index.php\/wp-json\/wp\/v2\/types\/page"}],"author":[{"embeddable":true,"href":"https:\/\/energibevakning.com\/index.php\/wp-json\/wp\/v2\/users\/1"}],"replies":[{"embeddable":true,"href":"https:\/\/energibevakning.com\/index.php\/wp-json\/wp\/v2\/comments?post=10"}],"version-history":[{"count":40,"href":"https:\/\/energibevakning.com\/index.php\/wp-json\/wp\/v2\/pages\/10\/revisions"}],"predecessor-version":[{"id":411,"href":"https:\/\/energibevakning.com\/index.php\/wp-json\/wp\/v2\/pages\/10\/revisions\/411"}],"wp:attachment":[{"href":"https:\/\/energibevakning.com\/index.php\/wp-json\/wp\/v2\/media?parent=10"}],"curies":[{"name":"wp","href":"https:\/\/api.w.org\/{rel}","templated":true}]}}